{"id":529,"date":"2018-11-26T12:46:44","date_gmt":"2018-11-26T04:46:44","guid":{"rendered":"https:\/\/membrantec.com\/projects\/"},"modified":"2023-06-27T22:35:16","modified_gmt":"2023-06-27T14:35:16","slug":"technical-solution","status":"publish","type":"page","link":"https:\/\/watertreatmentsuppliers.com\/de\/technical-solution\/","title":{"rendered":"Technische L\u00f6sung"},"content":{"rendered":"<div data-elementor-type=\"wp-post\" data-elementor-id=\"529\" class=\"elementor elementor-529\">\n\t\t\t\t\t\t\t\t\t<section class=\"elementor-section elementor-top-section elementor-element elementor-element-7d0b1fd elementor-section-content-middle elementor-section-boxed elementor-section-height-default elementor-section-height-default\" data-id=\"7d0b1fd\" data-element_type=\"section\" data-settings=\"{&quot;background_background&quot;:&quot;classic&quot;}\">\n\t\t\t\t\t\t\t<div class=\"elementor-background-overlay\"><\/div>\n\t\t\t\t\t\t\t<div class=\"elementor-container elementor-column-gap-no\">\n\t\t\t\t\t<div class=\"elementor-column elementor-col-100 elementor-top-column elementor-element elementor-element-2365ee4d\" data-id=\"2365ee4d\" data-element_type=\"column\">\n\t\t\t<div class=\"elementor-widget-wrap elementor-element-populated\">\n\t\t\t\t\t\t\t\t<div class=\"elementor-element elementor-element-3e363d46 elementor-widget elementor-widget-heading\" data-id=\"3e363d46\" data-element_type=\"widget\" data-widget_type=\"heading.default\">\n\t\t\t\t<div class=\"elementor-widget-container\">\n\t\t\t<style>\/*! elementor - v3.14.0 - 26-06-2023 *\/\n.elementor-heading-title{padding:0;margin:0;line-height:1}.elementor-widget-heading .elementor-heading-title[class*=elementor-size-]>a{color:inherit;font-size:inherit;line-height:inherit}.elementor-widget-heading .elementor-heading-title.elementor-size-small{font-size:15px}.elementor-widget-heading .elementor-heading-title.elementor-size-medium{font-size:19px}.elementor-widget-heading .elementor-heading-title.elementor-size-large{font-size:29px}.elementor-widget-heading .elementor-heading-title.elementor-size-xl{font-size:39px}.elementor-widget-heading .elementor-heading-title.elementor-size-xxl{font-size:59px}<\/style><h1 class=\"elementor-heading-title elementor-size-default\">Technische L\u00f6sung\n<\/h1>\t\t<\/div>\n\t\t\t\t<\/div>\n\t\t\t\t\t<\/div>\n\t\t<\/div>\n\t\t\t\t\t\t\t<\/div>\n\t\t<\/section>\n\t\t\t\t<section class=\"elementor-section elementor-top-section elementor-element elementor-element-e187665 elementor-section-boxed elementor-section-height-default elementor-section-height-default\" data-id=\"e187665\" data-element_type=\"section\">\n\t\t\t\t\t\t<div class=\"elementor-container elementor-column-gap-default\">\n\t\t\t\t\t<div class=\"elementor-column elementor-col-33 elementor-top-column elementor-element elementor-element-dc9d8df\" data-id=\"dc9d8df\" data-element_type=\"column\">\n\t\t\t<div class=\"elementor-widget-wrap elementor-element-populated\">\n\t\t\t\t\t\t\t\t<div class=\"elementor-element elementor-element-96a515c elementor-widget elementor-widget-heading\" data-id=\"96a515c\" data-element_type=\"widget\" data-widget_type=\"heading.default\">\n\t\t\t\t<div class=\"elementor-widget-container\">\n\t\t\t<h3 class=\"elementor-heading-title elementor-size-default\"><a href=\"#domestic_sewage\">H\u00e4usliche Abw\u00e4sser<\/a><\/h3>\t\t<\/div>\n\t\t\t\t<\/div>\n\t\t\t\t\t<\/div>\n\t\t<\/div>\n\t\t\t\t<div class=\"elementor-column elementor-col-33 elementor-top-column elementor-element elementor-element-2aaff38\" data-id=\"2aaff38\" data-element_type=\"column\">\n\t\t\t<div class=\"elementor-widget-wrap elementor-element-populated\">\n\t\t\t\t\t\t\t\t<div class=\"elementor-element elementor-element-caf6053 elementor-widget elementor-widget-heading\" data-id=\"caf6053\" data-element_type=\"widget\" data-widget_type=\"heading.default\">\n\t\t\t\t<div class=\"elementor-widget-container\">\n\t\t\t<h3 class=\"elementor-heading-title elementor-size-default\"><a href=\"#industrial_wastewater\">Industrielle Abw\u00e4sser<\/a><\/h3>\t\t<\/div>\n\t\t\t\t<\/div>\n\t\t\t\t\t<\/div>\n\t\t<\/div>\n\t\t\t\t<div class=\"elementor-column elementor-col-33 elementor-top-column elementor-element elementor-element-b4dd4e6\" data-id=\"b4dd4e6\" data-element_type=\"column\">\n\t\t\t<div class=\"elementor-widget-wrap elementor-element-populated\">\n\t\t\t\t\t\t\t\t<div class=\"elementor-element elementor-element-13f409d elementor-widget elementor-widget-heading\" data-id=\"13f409d\" data-element_type=\"widget\" data-widget_type=\"heading.default\">\n\t\t\t\t<div class=\"elementor-widget-container\">\n\t\t\t<h3 class=\"elementor-heading-title elementor-size-default\"><a href=\"#pure_ultrapure_water\">Reines und ultrareines Wasser<\/a><\/h3>\t\t<\/div>\n\t\t\t\t<\/div>\n\t\t\t\t\t<\/div>\n\t\t<\/div>\n\t\t\t\t\t\t\t<\/div>\n\t\t<\/section>\n\t\t\t\t<section class=\"elementor-section elementor-top-section elementor-element elementor-element-b111f28 elementor-section-boxed elementor-section-height-default elementor-section-height-default\" data-id=\"b111f28\" data-element_type=\"section\">\n\t\t\t\t\t\t<div class=\"elementor-container elementor-column-gap-default\">\n\t\t\t\t\t<div class=\"elementor-column elementor-col-100 elementor-top-column elementor-element elementor-element-0da9ddd\" data-id=\"0da9ddd\" data-element_type=\"column\">\n\t\t\t<div class=\"elementor-widget-wrap elementor-element-populated\">\n\t\t\t\t\t\t\t\t<div class=\"elementor-element elementor-element-2b3e811 elementor-widget elementor-widget-spacer\" data-id=\"2b3e811\" data-element_type=\"widget\" data-widget_type=\"spacer.default\">\n\t\t\t\t<div class=\"elementor-widget-container\">\n\t\t\t<style>\/*! elementor - v3.14.0 - 26-06-2023 *\/\n.elementor-column .elementor-spacer-inner{height:var(--spacer-size)}.e-con{--container-widget-width:100%}.e-con-inner>.elementor-widget-spacer,.e-con>.elementor-widget-spacer{width:var(--container-widget-width,var(--spacer-size));--align-self:var(--container-widget-align-self,initial);--flex-shrink:0}.e-con-inner>.elementor-widget-spacer>.elementor-widget-container,.e-con-inner>.elementor-widget-spacer>.elementor-widget-container>.elementor-spacer,.e-con>.elementor-widget-spacer>.elementor-widget-container,.e-con>.elementor-widget-spacer>.elementor-widget-container>.elementor-spacer{height:100%}.e-con-inner>.elementor-widget-spacer>.elementor-widget-container>.elementor-spacer>.elementor-spacer-inner,.e-con>.elementor-widget-spacer>.elementor-widget-container>.elementor-spacer>.elementor-spacer-inner{height:var(--container-widget-height,var(--spacer-size))}<\/style>\t\t<div class=\"elementor-spacer\">\n\t\t\t<div class=\"elementor-spacer-inner\"><\/div>\n\t\t<\/div>\n\t\t\t\t<\/div>\n\t\t\t\t<\/div>\n\t\t\t\t<div class=\"elementor-element elementor-element-bc4e090 elementor-widget elementor-widget-menu-anchor\" data-id=\"bc4e090\" data-element_type=\"widget\" data-widget_type=\"menu-anchor.default\">\n\t\t\t\t<div class=\"elementor-widget-container\">\n\t\t\t<style>\/*! elementor - v3.14.0 - 26-06-2023 *\/\nbody.elementor-page .elementor-widget-menu-anchor{margin-bottom:0}<\/style>\t\t<div id=\"domestic_sewage\" class=\"elementor-menu-anchor\"><\/div>\n\t\t\t\t<\/div>\n\t\t\t\t<\/div>\n\t\t\t\t<div class=\"elementor-element elementor-element-48f61f4 elementor-widget elementor-widget-heading\" data-id=\"48f61f4\" data-element_type=\"widget\" data-widget_type=\"heading.default\">\n\t\t\t\t<div class=\"elementor-widget-container\">\n\t\t\t<h2 class=\"elementor-heading-title elementor-size-default\">H\u00e4usliche Abw\u00e4sser<\/h2>\t\t<\/div>\n\t\t\t\t<\/div>\n\t\t\t\t<div class=\"elementor-element elementor-element-d59c0f8 elementor-widget elementor-widget-image\" data-id=\"d59c0f8\" data-element_type=\"widget\" data-widget_type=\"image.default\">\n\t\t\t\t<div class=\"elementor-widget-container\">\n\t\t\t<style>\/*! elementor - v3.14.0 - 26-06-2023 *\/\n.elementor-widget-image{text-align:center}.elementor-widget-image a{display:inline-block}.elementor-widget-image a img[src$=\".svg\"]{width:48px}.elementor-widget-image img{vertical-align:middle;display:inline-block}<\/style>\t\t\t\t\t\t\t\t\t\t\t\t<img loading=\"lazy\" decoding=\"async\" width=\"1024\" height=\"457\" src=\"https:\/\/watertreatmentsuppliers.com\/wp-content\/uploads\/2023\/06\/Domestic-sewage-treatment-solution-1024x457.webp\" class=\"attachment-large size-large wp-image-666\" alt=\"L\u00f6sung f\u00fcr die Behandlung h\u00e4uslicher Abw\u00e4sser\" srcset=\"https:\/\/watertreatmentsuppliers.com\/wp-content\/uploads\/2023\/06\/Domestic-sewage-treatment-solution-1024x457.webp 1024w, https:\/\/watertreatmentsuppliers.com\/wp-content\/uploads\/2023\/06\/Domestic-sewage-treatment-solution-300x134.webp 300w, https:\/\/watertreatmentsuppliers.com\/wp-content\/uploads\/2023\/06\/Domestic-sewage-treatment-solution-768x343.webp 768w, https:\/\/watertreatmentsuppliers.com\/wp-content\/uploads\/2023\/06\/Domestic-sewage-treatment-solution.webp 1120w\" sizes=\"auto, (max-width: 1024px) 100vw, 1024px\" \/>\t\t\t\t\t\t\t\t\t\t\t\t\t\t\t<\/div>\n\t\t\t\t<\/div>\n\t\t\t\t<div class=\"elementor-element elementor-element-d6da455 elementor-widget elementor-widget-text-editor\" data-id=\"d6da455\" data-element_type=\"widget\" data-widget_type=\"text-editor.default\">\n\t\t\t\t<div class=\"elementor-widget-container\">\n\t\t\t<style>\/*! elementor - v3.14.0 - 26-06-2023 *\/\n.elementor-widget-text-editor.elementor-drop-cap-view-stacked .elementor-drop-cap{background-color:#69727d;color:#fff}.elementor-widget-text-editor.elementor-drop-cap-view-framed .elementor-drop-cap{color:#69727d;border:3px solid;background-color:transparent}.elementor-widget-text-editor:not(.elementor-drop-cap-view-default) .elementor-drop-cap{margin-top:8px}.elementor-widget-text-editor:not(.elementor-drop-cap-view-default) .elementor-drop-cap-letter{width:1em;height:1em}.elementor-widget-text-editor .elementor-drop-cap{float:left;text-align:center;line-height:1;font-size:50px}.elementor-widget-text-editor .elementor-drop-cap-letter{display:inline-block}<\/style>\t\t\t\t<p>Bei den h\u00e4uslichen Abw\u00e4ssern handelt es sich gr\u00f6\u00dftenteils um Abw\u00e4sser, die die Bewohner im t\u00e4glichen Leben erzeugen, wie z. B. Waschwasser, Badewasser, K\u00fcchenwasser, Toilettenwasser usw. Folglich ist der t\u00e4gliche Abfluss gro\u00df und muss vor der Freigabe behandelt werden, um die Normen zu erf\u00fcllen. Dar\u00fcber hinaus enth\u00e4lt unbehandeltes h\u00e4usliches Abwasser eine Vielzahl von organischen und anorganischen Schadstoffen, die der Wasserumwelt schaden und zur Eutrophierung von Gew\u00e4ssern beitragen. Wird es direkt in Gew\u00e4sser eingeleitet, beeintr\u00e4chtigt es auch die Selbstreinigung und zerst\u00f6rt das \u00f6kologische Gleichgewicht des Wassers. Daher ist die erfolgreiche Sammlung h\u00e4uslicher Abw\u00e4sser und die Wahl einer geeigneten Behandlungstechnik von entscheidender Bedeutung.<\/p>\t\t\t\t\t\t<\/div>\n\t\t\t\t<\/div>\n\t\t\t\t<div class=\"elementor-element elementor-element-b609fd3 elementor-align-center elementor-widget elementor-widget-button\" data-id=\"b609fd3\" data-element_type=\"widget\" data-widget_type=\"button.default\">\n\t\t\t\t<div class=\"elementor-widget-container\">\n\t\t\t\t\t<div class=\"elementor-button-wrapper\">\n\t\t\t<a class=\"elementor-button elementor-button-link elementor-size-sm\" href=\"#\">\n\t\t\t\t\t\t<span class=\"elementor-button-content-wrapper\">\n\t\t\t\t\t\t<span class=\"elementor-button-icon elementor-align-icon-right\">\n\t\t\t\t<i aria-hidden=\"true\" class=\"fas fa-arrow-circle-right\"><\/i>\t\t\t<\/span>\n\t\t\t\t\t\t<span class=\"elementor-button-text\"> Mehr erfahren<\/span>\n\t\t<\/span>\n\t\t\t\t\t<\/a>\n\t\t<\/div>\n\t\t\t\t<\/div>\n\t\t\t\t<\/div>\n\t\t\t\t<div class=\"elementor-element elementor-element-a1ec1ce elementor-widget elementor-widget-spacer\" data-id=\"a1ec1ce\" data-element_type=\"widget\" data-widget_type=\"spacer.default\">\n\t\t\t\t<div class=\"elementor-widget-container\">\n\t\t\t\t\t<div class=\"elementor-spacer\">\n\t\t\t<div class=\"elementor-spacer-inner\"><\/div>\n\t\t<\/div>\n\t\t\t\t<\/div>\n\t\t\t\t<\/div>\n\t\t\t\t<div class=\"elementor-element elementor-element-af946ab elementor-widget elementor-widget-menu-anchor\" data-id=\"af946ab\" data-element_type=\"widget\" data-widget_type=\"menu-anchor.default\">\n\t\t\t\t<div class=\"elementor-widget-container\">\n\t\t\t\t\t<div id=\"industrial_wastewater\" class=\"elementor-menu-anchor\"><\/div>\n\t\t\t\t<\/div>\n\t\t\t\t<\/div>\n\t\t\t\t<div class=\"elementor-element elementor-element-f2f2515 elementor-widget elementor-widget-heading\" data-id=\"f2f2515\" data-element_type=\"widget\" data-widget_type=\"heading.default\">\n\t\t\t\t<div class=\"elementor-widget-container\">\n\t\t\t<h2 class=\"elementor-heading-title elementor-size-default\">Industrielle Abw\u00e4sser<\/h2>\t\t<\/div>\n\t\t\t\t<\/div>\n\t\t\t\t<div class=\"elementor-element elementor-element-1d99b8b elementor-widget elementor-widget-image\" data-id=\"1d99b8b\" data-element_type=\"widget\" data-widget_type=\"image.default\">\n\t\t\t\t<div class=\"elementor-widget-container\">\n\t\t\t\t\t\t\t\t\t\t\t\t\t\t\t<img loading=\"lazy\" decoding=\"async\" width=\"1024\" height=\"457\" src=\"https:\/\/watertreatmentsuppliers.com\/wp-content\/uploads\/2023\/06\/Industrial-Wastewater-treatment-solution-1024x457.webp\" class=\"attachment-large size-large wp-image-667\" alt=\"L\u00f6sung f\u00fcr die Behandlung industrieller Abw\u00e4sser\" srcset=\"https:\/\/watertreatmentsuppliers.com\/wp-content\/uploads\/2023\/06\/Industrial-Wastewater-treatment-solution-1024x457.webp 1024w, https:\/\/watertreatmentsuppliers.com\/wp-content\/uploads\/2023\/06\/Industrial-Wastewater-treatment-solution-300x134.webp 300w, https:\/\/watertreatmentsuppliers.com\/wp-content\/uploads\/2023\/06\/Industrial-Wastewater-treatment-solution-768x343.webp 768w, https:\/\/watertreatmentsuppliers.com\/wp-content\/uploads\/2023\/06\/elementor\/thumbs\/Industrial-Wastewater-treatment-solution-q8l0q1l39qauzddmjm1msit12xqkhy6giy2fnx3ik6.webp 500w, https:\/\/watertreatmentsuppliers.com\/wp-content\/uploads\/2023\/06\/Industrial-Wastewater-treatment-solution.webp 1120w\" sizes=\"auto, (max-width: 1024px) 100vw, 1024px\" \/>\t\t\t\t\t\t\t\t\t\t\t\t\t\t\t<\/div>\n\t\t\t\t<\/div>\n\t\t\t\t<div class=\"elementor-element elementor-element-83e3a1b elementor-widget elementor-widget-text-editor\" data-id=\"83e3a1b\" data-element_type=\"widget\" data-widget_type=\"text-editor.default\">\n\t\t\t\t<div class=\"elementor-widget-container\">\n\t\t\t\t\t\t\t<p>Industrieabw\u00e4sser entstehen w\u00e4hrend des Produktionsprozesses, und die Schadstoffe im Abwasser sind vielf\u00e4ltig, kompliziert, au\u00dfergew\u00f6hnlich und schwer zu reinigen. Dar\u00fcber hinaus wird die Verschmutzung der Wasserressourcen durch Abw\u00e4sser mit zunehmendem Wirtschaftswachstum immer ernster, und der Umfang der Verschmutzung nimmt st\u00e4ndig zu, was sich proportional auf die menschliche Gesundheit und Sicherheit auswirkt. Wie sollten also Industrieabw\u00e4sser behandelt werden?<\/p><p>Die Verfahren zur Behandlung von Industrieabw\u00e4ssern variieren von Branche zu Branche und von Quelle zu Quelle, und wir m\u00fcssen je nach den Umst\u00e4nden geeignete Behandlungsmethoden w\u00e4hlen. Physikalische und chemische Verfahren werden in der Regel zur Vorbehandlung eingesetzt, um die biochemischen Eigenschaften zu verbessern. Die MBR-Membrantechnologie wird dann zur erneuten Behandlung des Abwassers eingesetzt, bevor es abgeleitet wird.<\/p>\t\t\t\t\t\t<\/div>\n\t\t\t\t<\/div>\n\t\t\t\t<div class=\"elementor-element elementor-element-333feb4 elementor-align-center elementor-widget elementor-widget-button\" data-id=\"333feb4\" data-element_type=\"widget\" data-widget_type=\"button.default\">\n\t\t\t\t<div class=\"elementor-widget-container\">\n\t\t\t\t\t<div class=\"elementor-button-wrapper\">\n\t\t\t<a class=\"elementor-button elementor-button-link elementor-size-sm\" href=\"#\">\n\t\t\t\t\t\t<span class=\"elementor-button-content-wrapper\">\n\t\t\t\t\t\t<span class=\"elementor-button-icon elementor-align-icon-right\">\n\t\t\t\t<i aria-hidden=\"true\" class=\"fas fa-arrow-circle-right\"><\/i>\t\t\t<\/span>\n\t\t\t\t\t\t<span class=\"elementor-button-text\"> Mehr erfahren<\/span>\n\t\t<\/span>\n\t\t\t\t\t<\/a>\n\t\t<\/div>\n\t\t\t\t<\/div>\n\t\t\t\t<\/div>\n\t\t\t\t<div class=\"elementor-element elementor-element-58c6dbf elementor-widget elementor-widget-spacer\" data-id=\"58c6dbf\" data-element_type=\"widget\" data-widget_type=\"spacer.default\">\n\t\t\t\t<div class=\"elementor-widget-container\">\n\t\t\t\t\t<div class=\"elementor-spacer\">\n\t\t\t<div class=\"elementor-spacer-inner\"><\/div>\n\t\t<\/div>\n\t\t\t\t<\/div>\n\t\t\t\t<\/div>\n\t\t\t\t<div class=\"elementor-element elementor-element-e690343 elementor-widget elementor-widget-menu-anchor\" data-id=\"e690343\" data-element_type=\"widget\" data-widget_type=\"menu-anchor.default\">\n\t\t\t\t<div class=\"elementor-widget-container\">\n\t\t\t\t\t<div id=\"pure_ultrapure_water\" class=\"elementor-menu-anchor\"><\/div>\n\t\t\t\t<\/div>\n\t\t\t\t<\/div>\n\t\t\t\t<div class=\"elementor-element elementor-element-36f4f64 elementor-widget elementor-widget-heading\" data-id=\"36f4f64\" data-element_type=\"widget\" data-widget_type=\"heading.default\">\n\t\t\t\t<div class=\"elementor-widget-container\">\n\t\t\t<h2 class=\"elementor-heading-title elementor-size-default\">Reines und ultrareines Wasser<\/h2>\t\t<\/div>\n\t\t\t\t<\/div>\n\t\t\t\t<div class=\"elementor-element elementor-element-639b9cc elementor-widget elementor-widget-image\" data-id=\"639b9cc\" data-element_type=\"widget\" data-widget_type=\"image.default\">\n\t\t\t\t<div class=\"elementor-widget-container\">\n\t\t\t\t\t\t\t\t\t\t\t\t\t\t\t<img loading=\"lazy\" decoding=\"async\" width=\"1024\" height=\"457\" src=\"https:\/\/watertreatmentsuppliers.com\/wp-content\/uploads\/2023\/06\/Pure-Ultrapure-Water-treatment-1024x457.webp\" class=\"attachment-large size-large wp-image-668\" alt=\"Reinstwasseraufbereitung\" srcset=\"https:\/\/watertreatmentsuppliers.com\/wp-content\/uploads\/2023\/06\/Pure-Ultrapure-Water-treatment-1024x457.webp 1024w, https:\/\/watertreatmentsuppliers.com\/wp-content\/uploads\/2023\/06\/Pure-Ultrapure-Water-treatment-300x134.webp 300w, https:\/\/watertreatmentsuppliers.com\/wp-content\/uploads\/2023\/06\/Pure-Ultrapure-Water-treatment-768x343.webp 768w, https:\/\/watertreatmentsuppliers.com\/wp-content\/uploads\/2023\/06\/elementor\/thumbs\/Pure-Ultrapure-Water-treatment-q8l0tgpy50zf8aerkl9rd5qewevniaranvj1j60xx2.webp 500w, https:\/\/watertreatmentsuppliers.com\/wp-content\/uploads\/2023\/06\/Pure-Ultrapure-Water-treatment.webp 1120w\" sizes=\"auto, (max-width: 1024px) 100vw, 1024px\" \/>\t\t\t\t\t\t\t\t\t\t\t\t\t\t\t<\/div>\n\t\t\t\t<\/div>\n\t\t\t\t<div class=\"elementor-element elementor-element-9ecba86 elementor-widget elementor-widget-text-editor\" data-id=\"9ecba86\" data-element_type=\"widget\" data-widget_type=\"text-editor.default\">\n\t\t\t\t<div class=\"elementor-widget-container\">\n\t\t\t\t\t\t\t<p>Ionenaustauscherharze werden in der Regel bei der herk\u00f6mmlichen Herstellung von reinem und ultrareinem Wasser verwendet. Das Ionenaustauschharz muss jedoch regelm\u00e4\u00dfig regeneriert werden, was kostspielig und zeitaufw\u00e4ndig ist. Nach jahrelanger Praxis und Erfahrung hat EcoLanTM die Umkehrosmose-Technologie oder das mit EDI kombinierte Verfahren zur Herstellung von Rein- und Reinstwasser \u00fcbernommen, das im Vergleich zur alten Methode die Vorteile niedriger Betriebskosten und hoher Betriebssicherheit hat. Die Umkehrosmose-Technik ist modern, stabil und zuverl\u00e4ssig, w\u00e4hrend die EDI-Methode keine chemische Regeneration erfordert, kein Abwasser erzeugt und niedrige Betriebskosten hat.<\/p>\t\t\t\t\t\t<\/div>\n\t\t\t\t<\/div>\n\t\t\t\t\t<\/div>\n\t\t<\/div>\n\t\t\t\t\t\t\t<\/div>\n\t\t<\/section>\n\t\t\t\t<section class=\"elementor-section elementor-top-section elementor-element elementor-element-e36ea5c elementor-section-boxed elementor-section-height-default elementor-section-height-default\" data-id=\"e36ea5c\" data-element_type=\"section\">\n\t\t\t\t\t\t<div class=\"elementor-container elementor-column-gap-default\">\n\t\t\t\t\t<div class=\"elementor-column elementor-col-100 elementor-top-column elementor-element elementor-element-a86a5e5\" data-id=\"a86a5e5\" data-element_type=\"column\">\n\t\t\t<div class=\"elementor-widget-wrap elementor-element-populated\">\n\t\t\t\t\t\t\t\t<div class=\"elementor-element elementor-element-87603a2 elementor-widget elementor-widget-spacer\" data-id=\"87603a2\" data-element_type=\"widget\" data-widget_type=\"spacer.default\">\n\t\t\t\t<div class=\"elementor-widget-container\">\n\t\t\t\t\t<div class=\"elementor-spacer\">\n\t\t\t<div class=\"elementor-spacer-inner\"><\/div>\n\t\t<\/div>\n\t\t\t\t<\/div>\n\t\t\t\t<\/div>\n\t\t\t\t\t<\/div>\n\t\t<\/div>\n\t\t\t\t\t\t\t<\/div>\n\t\t<\/section>\n\t\t\t\t\t\t\t<\/div>","protected":false},"excerpt":{"rendered":"<p>Technische L\u00f6sung H\u00e4usliches Abwasser Industrielles Abwasser Rein- und Reinstwasser H\u00e4usliches Abwasser ist das Abwasser, das die Bewohner in ihrem t\u00e4glichen Leben erzeugen, z. B. Waschwasser, Badewasser, K\u00fcchenwasser, Toilettenwasser usw. Daher ist der t\u00e4gliche Abfluss gro\u00df und muss vor der Freigabe behandelt werden, um die Normen zu erf\u00fcllen. Au\u00dferdem ist unbehandeltes h\u00e4usliches Abwasser ...<\/p>\n<p class=\"read-more\"> <a class=\"\" href=\"https:\/\/watertreatmentsuppliers.com\/de\/technical-solution\/\"> <span class=\"screen-reader-text\">Technische L\u00f6sung<\/span> Weiterlesen \"<\/a><\/p>","protected":false},"author":1,"featured_media":0,"parent":0,"menu_order":0,"comment_status":"closed","ping_status":"closed","template":"","meta":{"_uag_custom_page_level_css":"","site-sidebar-layout":"no-sidebar","site-content-layout":"page-builder","ast-global-header-display":"","ast-banner-title-visibility":"","ast-main-header-display":"","ast-hfb-above-header-display":"","ast-hfb-below-header-display":"","ast-hfb-mobile-header-display":"","site-post-title":"disabled","ast-breadcrumbs-content":"","ast-featured-img":"disabled","footer-sml-layout":"","theme-transparent-header-meta":"enabled","adv-header-id-meta":"","stick-header-meta":"","header-above-stick-meta":"","header-main-stick-meta":"","header-below-stick-meta":"","footnotes":""},"class_list":["post-529","page","type-page","status-publish","hentry"],"uagb_featured_image_src":{"full":false,"thumbnail":false,"medium":false,"medium_large":false,"large":false,"1536x1536":false,"2048x2048":false,"trp-custom-language-flag":false,"crp_thumbnail":false},"uagb_author_info":{"display_name":"Water Treatment Supplier","author_link":"https:\/\/watertreatmentsuppliers.com\/de\/author\/admin-hang\/"},"uagb_comment_info":0,"uagb_excerpt":"Technical Solution Domestic Sewage Industrial Wastewater Pure &#038; Ultrapure Water Domestic Sewage Domestic sewage is mostly wastewater residents generate in their daily life, such as washing water, bathing water, kitchen water, toilet water, etc. As a result, its daily outflow is large and must be treated before release to fulfill standards. Furthermore, untreated home sewage&hellip;","_links":{"self":[{"href":"https:\/\/watertreatmentsuppliers.com\/de\/wp-json\/wp\/v2\/pages\/529","targetHints":{"allow":["GET"]}}],"collection":[{"href":"https:\/\/watertreatmentsuppliers.com\/de\/wp-json\/wp\/v2\/pages"}],"about":[{"href":"https:\/\/watertreatmentsuppliers.com\/de\/wp-json\/wp\/v2\/types\/page"}],"author":[{"embeddable":true,"href":"https:\/\/watertreatmentsuppliers.com\/de\/wp-json\/wp\/v2\/users\/1"}],"replies":[{"embeddable":true,"href":"https:\/\/watertreatmentsuppliers.com\/de\/wp-json\/wp\/v2\/comments?post=529"}],"version-history":[{"count":0,"href":"https:\/\/watertreatmentsuppliers.com\/de\/wp-json\/wp\/v2\/pages\/529\/revisions"}],"wp:attachment":[{"href":"https:\/\/watertreatmentsuppliers.com\/de\/wp-json\/wp\/v2\/media?parent=529"}],"curies":[{"name":"wp","href":"https:\/\/api.w.org\/{rel}","templated":true}]}}